{"id":16941,"date":"2020-03-02T10:27:05","date_gmt":"2020-03-02T10:27:05","guid":{"rendered":"https:\/\/demo17.houzez.co\/?page_id=16941"},"modified":"2022-01-06T04:13:19","modified_gmt":"2022-01-06T10:13:19","slug":"contact","status":"publish","type":"page","link":"https:\/\/rentecasa.com\/index.php\/contact\/","title":{"rendered":"Contact"},"content":{"rendered":"\t\t<div data-elementor-type=\"wp-page\" data-elementor-id=\"16941\" class=\"elementor elementor-16941\">\n\t\t\t\t\t\t<section class=\"elementor-section elementor-top-section elementor-element elementor-element-5ec2734 elementor-section-content-bottom elementor-section-boxed elementor-section-height-default elementor-section-height-default\" data-id=\"5ec2734\" data-element_type=\"section\" data-e-type=\"section\" data-settings=\"{&quot;background_background&quot;:&quot;classic&quot;}\">\n\t\t\t\t\t\t<div class=\"elementor-container elementor-column-gap-default\">\n\t\t\t\t\t<div class=\"elementor-column elementor-col-33 elementor-top-column elementor-element elementor-element-e1bd41f\" data-id=\"e1bd41f\" data-element_type=\"column\" data-e-type=\"column\">\n\t\t\t<div class=\"elementor-widget-wrap elementor-element-populated\">\n\t\t\t\t\t\t<div class=\"elementor-element elementor-element-99929da elementor-widget-divider--view-line elementor-widget elementor-widget-divider\" data-id=\"99929da\" data-element_type=\"widget\" data-e-type=\"widget\" data-widget_type=\"divider.default\">\n\t\t\t\t<div class=\"elementor-widget-container\">\n\t\t\t\t\t\t\t<div class=\"elementor-divider\">\n\t\t\t<span class=\"elementor-divider-separator\">\n\t\t\t\t\t\t<\/span>\n\t\t<\/div>\n\t\t\t\t\t\t<\/div>\n\t\t\t\t<\/div>\n\t\t\t\t<div class=\"elementor-element elementor-element-36d6ca1 elementor-widget elementor-widget-heading\" data-id=\"36d6ca1\" data-element_type=\"widget\" data-e-type=\"widget\" data-widget_type=\"heading.default\">\n\t\t\t\t<div class=\"elementor-widget-container\">\n\t\t\t\t\t<h2 class=\"elementor-heading-title elementor-size-default\">Contacto<\/h2>\t\t\t\t<\/div>\n\t\t\t\t<\/div>\n\t\t\t\t<div class=\"elementor-element elementor-element-8ff1404 elementor-widget elementor-widget-text-editor\" data-id=\"8ff1404\" data-element_type=\"widget\" data-e-type=\"widget\" data-widget_type=\"text-editor.default\">\n\t\t\t\t<div class=\"elementor-widget-container\">\n\t\t\t\t\t\t\t\t\t<p>Queremos conocer tu opini\u00f3n. D\u00e9janos tus datos y nos pondremos en contacto contigo a la brevedad (leemos todo)<\/p>\t\t\t\t\t\t\t\t<\/div>\n\t\t\t\t<\/div>\n\t\t\t\t<div class=\"elementor-element elementor-element-f4a5b85 elementor-button-align-stretch elementor-widget elementor-widget-houzez_elementor_contact_form\" data-id=\"f4a5b85\" data-element_type=\"widget\" data-e-type=\"widget\" data-widget_type=\"houzez_elementor_contact_form.default\">\n\t\t\t\t<div class=\"elementor-widget-container\">\n\t\t\t\t\t\n        <script type=\"application\/javascript\">\n            jQuery(document).bind(\"ready\", function () {\n                houzezValidateElementor(\"#houzez-form-f4a5b85\" );\n            });\n        <\/script>\n\n        <form class=\"elementor-form houzez-ele-form-js\" id=\"houzez-form-f4a5b85\" method=\"post\" name=\"New Form\" action=\"https:\/\/rentecasa.com\/wp-admin\/admin-ajax.php\">\n            <input type=\"hidden\" name=\"form_id\" value=\"f4a5b85\"\/>\n            <input type=\"hidden\" name=\"houzez_contact_form\" value=\"yes\"\/>\n            <input type=\"hidden\" name=\"action\" value=\"houzez_ele_contact_form\" \/>\n            <input type=\"hidden\" name=\"source_link\" value=\"https:\/\/rentecasa.com\/index.php\/contact\/\" \/>\n            <input type=\"hidden\" name=\"lead_page_id\" value=\"16941\" \/>\n            <input type=\"hidden\" name=\"email_to\" value=\"contacto@rentecasa.com\" \/>\n            <input type=\"hidden\" name=\"email_subject\" value=\"NUEVO MENSAJE | Website Rentecasa.com\" \/>\n            <input type=\"hidden\" name=\"email_to_cc\" value=\"\" \/>\n            <input type=\"hidden\" name=\"email_to_bcc\" value=\"\" \/>\n            <input type=\"hidden\" name=\"webhook\" value=\"false\" \/>\n            <input type=\"hidden\" name=\"webhook_url\" value=\"\" \/>\n            <input type=\"hidden\" name=\"redirect_to\" value=\"\" \/>\n            <input type=\"hidden\" name=\"google_recaptcha\" value=\"yes\" \/>\n            \n\n            <div class=\"elementor-form-fields-wrapper elementor-labels-above\">\n\n                                    <div class=\"elementor-field-group elementor-column form-group elementor-field-group-name elementor-col-50 elementor-field-required elementor-mark-required\">\n                    <label for=\"form-field-name\" class=\"elementor-field-label\">Nombre (s)<\/label><input type=\"text\" name=\"first_name\" id=\"form-field-name\" class=\"elementor-field form-control elementor-size-sm elementor-field-textual\" placeholder=\"Escribe tu nombre\" title=\"* Nombre (s)\" required=\"required\">                    <\/div>\n\n                                        <div class=\"elementor-field-group elementor-column form-group elementor-field-group-bf18955 elementor-col-50 elementor-field-required elementor-mark-required\">\n                    <label for=\"form-field-bf18955\" class=\"elementor-field-label\">Apellido (s)<\/label><input type=\"text\" name=\"last_name\" id=\"form-field-bf18955\" class=\"elementor-field form-control elementor-size-sm elementor-field-textual\" placeholder=\"Escribe tu(s) Apellidos\" title=\"* Apellido (s)\" required=\"required\">                    <\/div>\n\n                                        <div class=\"elementor-field-group elementor-column form-group elementor-field-group-email elementor-col-100 elementor-field-required elementor-mark-required\">\n                    <label for=\"form-field-email\" class=\"elementor-field-label\">E-mail<\/label><input type=\"email\" name=\"email\" id=\"form-field-email\" class=\"elementor-field form-control elementor-size-sm elementor-field-textual\" placeholder=\"E-mail\" title=\"* E-mail\" required=\"required\">                    <\/div>\n\n                                        <div class=\"elementor-field-group elementor-column form-group elementor-field-group-message elementor-col-100 elementor-field-required elementor-mark-required\">\n                    <label for=\"form-field-message\" class=\"elementor-field-label\">Mensaje<\/label><textarea class=\"elementor-field-textual elementor-field elementor-size-sm\" name=\"message\" id=\"form-field-message\" rows=\"4\" placeholder=\"Mensaje\" required=\"required\" title=\"* Mensaje\"><\/textarea>                    <\/div>\n\n                    \n                    \n                                        \n                    <div class=\"houzez-gdpr-agreement elementor-field-group elementor-col-100\">\n                        <label for=\"gdpr_agreement\" class=\"elementor-field-label\">Acuerdo GDPR<\/label>\n                        <div class=\"gdpr-agreement-subgroup\">\n                            <span class=\"gdpr-field-option\">\n                                <label class=\"gdpr-text\" for=\"gdpr_agreement\">\n                                    <input required type=\"checkbox\" name=\"gdpr_agreement\" id=\"gdpr_agreement\" title=\"* Acuerdo GDPR\">  Doy mi consentimiento para que este sitio web almacene la informaci\u00f3n enviada                                <\/label>\n                            <\/span>\n                        <\/div>             \n                    <\/div>\n                    \n                                        <div class=\"\">\n                        <div class=\"form-group captcha_wrapper houzez-grecaptcha-v3\">\n    <div class=\"houzez_google_reCaptcha\"><\/div>\n<\/div>\n                    <\/div>\n                    \n                    <div class=\"elementor-field-group elementor-column elementor-field-type-submit elementor-col-100\">\n                    <button type=\"submit\" class=\"houzez-submit-button houzez-contact-form-js elementor-button elementor-size-sm\">\n                        <i class=\"btn-loader houzez-loader-js\"><\/i>\n                                                    Enviar                                            <\/button>\n                <\/div>\n            <\/div><!-- End wrapper-->\n            <br\/>\n            <div class=\"ele-form-messages\"><\/div>\n            <div class=\"error-container\"><\/div>\n\n        <\/form>\n\n    \t\t\t\t<\/div>\n\t\t\t\t<\/div>\n\t\t\t\t\t<\/div>\n\t\t<\/div>\n\t\t\t\t<div class=\"elementor-column elementor-col-33 elementor-top-column elementor-element elementor-element-af2cee7\" data-id=\"af2cee7\" data-element_type=\"column\" data-e-type=\"column\">\n\t\t\t<div class=\"elementor-widget-wrap\">\n\t\t\t\t\t\t\t<\/div>\n\t\t<\/div>\n\t\t\t\t<div class=\"elementor-column elementor-col-33 elementor-top-column elementor-element elementor-element-6602e33\" data-id=\"6602e33\" data-element_type=\"column\" data-e-type=\"column\">\n\t\t\t<div class=\"elementor-widget-wrap elementor-element-populated\">\n\t\t\t\t\t\t<div class=\"elementor-element elementor-element-23057bd elementor-widget elementor-widget-text-editor\" data-id=\"23057bd\" data-element_type=\"widget\" data-e-type=\"widget\" data-widget_type=\"text-editor.default\">\n\t\t\t\t<div class=\"elementor-widget-container\">\n\t\t\t\t\t\t\t\t\t<p class=\"padding-top\"><span style=\"color: #000000;\"><strong>Para cotizaciones<\/strong><strong> contactar:<\/strong><\/span><\/p><p><span style=\"color: #000000;\"><strong>Aris M. S\u00e1nchez<\/strong><\/span><br \/>M\u00e9xico Account Manager<br \/>aris@rentecasa.com<\/p><p><span style=\"color: #000000;\"><strong>Yuri A. Medina<\/strong><\/span><br \/>Asociado de Relaciones P\u00fablicas<br \/>yurime@rentecasa.com<\/p>\t\t\t\t\t\t\t\t<\/div>\n\t\t\t\t<\/div>\n\t\t\t\t<div class=\"elementor-element elementor-element-3c1041e elementor-widget elementor-widget-text-editor\" data-id=\"3c1041e\" data-element_type=\"widget\" data-e-type=\"widget\" data-widget_type=\"text-editor.default\">\n\t\t\t\t<div class=\"elementor-widget-container\">\n\t\t\t\t\t\t\t\t\t<p class=\"padding-top\"><span style=\"color: #000000;\"><strong>Sedes corporativas<\/strong><\/span><br \/>Atenas 40-Local 1, Ju\u00e1rez, Cuauht\u00e9moc, 06600 Ciudad de M\u00e9xico, CDMX<\/p>\t\t\t\t\t\t\t\t<\/div>\n\t\t\t\t<\/div>\n\t\t\t\t<div class=\"elementor-element elementor-element-0b2a1b4 e-grid-align-left elementor-shape-rounded elementor-grid-0 elementor-widget elementor-widget-social-icons\" data-id=\"0b2a1b4\" data-element_type=\"widget\" data-e-type=\"widget\" data-widget_type=\"social-icons.default\">\n\t\t\t\t<div class=\"elementor-widget-container\">\n\t\t\t\t\t\t\t<div class=\"elementor-social-icons-wrapper elementor-grid\" role=\"list\">\n\t\t\t\t\t\t\t<span class=\"elementor-grid-item\" role=\"listitem\">\n\t\t\t\t\t<a class=\"elementor-icon elementor-social-icon elementor-social-icon-facebook elementor-animation-shrink elementor-repeater-item-4d4e750\" href=\"https:\/\/www.facebook.com\/Rentecasacom-113195444517630\" target=\"_blank\">\n\t\t\t\t\t\t<span class=\"elementor-screen-only\">Facebook<\/span>\n\t\t\t\t\t\t<i aria-hidden=\"true\" class=\"fab fa-facebook\"><\/i>\t\t\t\t\t<\/a>\n\t\t\t\t<\/span>\n\t\t\t\t\t\t\t<span class=\"elementor-grid-item\" role=\"listitem\">\n\t\t\t\t\t<a class=\"elementor-icon elementor-social-icon elementor-social-icon-twitter elementor-animation-shrink elementor-repeater-item-a2d8d9c\" href=\"https:\/\/twitter.com\/rentecasa\" target=\"_blank\">\n\t\t\t\t\t\t<span class=\"elementor-screen-only\">Twitter<\/span>\n\t\t\t\t\t\t<i aria-hidden=\"true\" class=\"fab fa-twitter\"><\/i>\t\t\t\t\t<\/a>\n\t\t\t\t<\/span>\n\t\t\t\t\t\t\t<span class=\"elementor-grid-item\" role=\"listitem\">\n\t\t\t\t\t<a class=\"elementor-icon elementor-social-icon elementor-social-icon-youtube elementor-animation-shrink elementor-repeater-item-4483b35\" href=\"https:\/\/www.youtube.com\/channel\/UC7ngyPWFT6mIAyAPPGdPZow\" target=\"_blank\">\n\t\t\t\t\t\t<span class=\"elementor-screen-only\">Youtube<\/span>\n\t\t\t\t\t\t<i aria-hidden=\"true\" class=\"fab fa-youtube\"><\/i>\t\t\t\t\t<\/a>\n\t\t\t\t<\/span>\n\t\t\t\t\t\t\t<span class=\"elementor-grid-item\" role=\"listitem\">\n\t\t\t\t\t<a class=\"elementor-icon elementor-social-icon elementor-social-icon-linkedin elementor-animation-shrink elementor-repeater-item-4cd5d30\" href=\"https:\/\/www.linkedin.com\/company\/rentecasa-com\/\" target=\"_blank\">\n\t\t\t\t\t\t<span class=\"elementor-screen-only\">Linkedin<\/span>\n\t\t\t\t\t\t<i aria-hidden=\"true\" class=\"fab fa-linkedin\"><\/i>\t\t\t\t\t<\/a>\n\t\t\t\t<\/span>\n\t\t\t\t\t\t\t<span class=\"elementor-grid-item\" role=\"listitem\">\n\t\t\t\t\t<a class=\"elementor-icon elementor-social-icon elementor-social-icon-instagram elementor-animation-shrink elementor-repeater-item-9e48d2c\" href=\"https:\/\/www.instagram.com\/rentecasa.com_\/\" target=\"_blank\">\n\t\t\t\t\t\t<span class=\"elementor-screen-only\">Instagram<\/span>\n\t\t\t\t\t\t<i aria-hidden=\"true\" class=\"fab fa-instagram\"><\/i>\t\t\t\t\t<\/a>\n\t\t\t\t<\/span>\n\t\t\t\t\t<\/div>\n\t\t\t\t\t\t<\/div>\n\t\t\t\t<\/div>\n\t\t\t\t\t<\/div>\n\t\t<\/div>\n\t\t\t\t\t<\/div>\n\t\t<\/section>\n\t\t\t\t<\/div>\n\t\t","protected":false},"excerpt":{"rendered":"<p>Contacto Queremos conocer tu opini\u00f3n. D\u00e9janos tus datos y nos pondremos en contacto contigo a la brevedad (leemos todo) Nombre (s) Apellido (s) E-mail Mensaje Acuerdo GDPR Doy mi consentimiento para que este sitio web almacene la informaci\u00f3n enviada Enviar Para cotizaciones contactar: Aris M. S\u00e1nchezM\u00e9xico Account Manageraris@rentecasa.com Yuri A. MedinaAsociado de Relaciones P\u00fablicasyurime@rentecasa.com Sedes [&hellip;]<\/p>\n","protected":false},"author":1,"featured_media":0,"parent":0,"menu_order":0,"comment_status":"closed","ping_status":"closed","template":"template\/template-homepage.php","meta":{"footnotes":""},"class_list":["post-16941","page","type-page","status-publish","hentry"],"yoast_head":"<!-- This site is optimized with the Yoast SEO plugin v27.5 - https:\/\/yoast.com\/product\/yoast-seo-wordpress\/ -->\n<title>Contact - Rentecasa.com<\/title>\n<meta name=\"robots\" content=\"index, follow, max-snippet:-1, max-image-preview:large, max-video-preview:-1\" \/>\n<link rel=\"canonical\" href=\"https:\/\/rentecasa.com\/index.php\/contact\/\" \/>\n<meta property=\"og:locale\" content=\"es_ES\" \/>\n<meta property=\"og:type\" content=\"article\" \/>\n<meta property=\"og:title\" content=\"Contact - Rentecasa.com\" \/>\n<meta property=\"og:description\" content=\"Contacto Queremos conocer tu opini\u00f3n. D\u00e9janos tus datos y nos pondremos en contacto contigo a la brevedad (leemos todo) Nombre (s) Apellido (s) E-mail Mensaje Acuerdo GDPR Doy mi consentimiento para que este sitio web almacene la informaci\u00f3n enviada Enviar Para cotizaciones contactar: Aris M. S\u00e1nchezM\u00e9xico Account Manageraris@rentecasa.com Yuri A. MedinaAsociado de Relaciones P\u00fablicasyurime@rentecasa.com Sedes [&hellip;]\" \/>\n<meta property=\"og:url\" content=\"https:\/\/rentecasa.com\/index.php\/contact\/\" \/>\n<meta property=\"og:site_name\" content=\"Rentecasa.com\" \/>\n<meta property=\"article:publisher\" content=\"https:\/\/www.facebook.com\/profile.php?id=100075871187521\" \/>\n<meta property=\"article:modified_time\" content=\"2022-01-06T10:13:19+00:00\" \/>\n<meta name=\"twitter:card\" content=\"summary_large_image\" \/>\n<script type=\"application\/ld+json\" class=\"yoast-schema-graph\">{\"@context\":\"https:\\\/\\\/schema.org\",\"@graph\":[{\"@type\":\"WebPage\",\"@id\":\"https:\\\/\\\/rentecasa.com\\\/index.php\\\/contact\\\/\",\"url\":\"https:\\\/\\\/rentecasa.com\\\/index.php\\\/contact\\\/\",\"name\":\"Contact - Rentecasa.com\",\"isPartOf\":{\"@id\":\"https:\\\/\\\/rentecasa.com\\\/#website\"},\"datePublished\":\"2020-03-02T10:27:05+00:00\",\"dateModified\":\"2022-01-06T10:13:19+00:00\",\"breadcrumb\":{\"@id\":\"https:\\\/\\\/rentecasa.com\\\/index.php\\\/contact\\\/#breadcrumb\"},\"inLanguage\":\"es\",\"potentialAction\":[{\"@type\":\"ReadAction\",\"target\":[\"https:\\\/\\\/rentecasa.com\\\/index.php\\\/contact\\\/\"]}]},{\"@type\":\"BreadcrumbList\",\"@id\":\"https:\\\/\\\/rentecasa.com\\\/index.php\\\/contact\\\/#breadcrumb\",\"itemListElement\":[{\"@type\":\"ListItem\",\"position\":1,\"name\":\"Portada\",\"item\":\"https:\\\/\\\/rentecasa.com\\\/\"},{\"@type\":\"ListItem\",\"position\":2,\"name\":\"Contact\"}]},{\"@type\":\"WebSite\",\"@id\":\"https:\\\/\\\/rentecasa.com\\\/#website\",\"url\":\"https:\\\/\\\/rentecasa.com\\\/\",\"name\":\"Rentecasa.com\",\"description\":\"Plataforma Inmibiliaria\",\"publisher\":{\"@id\":\"https:\\\/\\\/rentecasa.com\\\/#organization\"},\"potentialAction\":[{\"@type\":\"SearchAction\",\"target\":{\"@type\":\"EntryPoint\",\"urlTemplate\":\"https:\\\/\\\/rentecasa.com\\\/?s={search_term_string}\"},\"query-input\":{\"@type\":\"PropertyValueSpecification\",\"valueRequired\":true,\"valueName\":\"search_term_string\"}}],\"inLanguage\":\"es\"},{\"@type\":\"Organization\",\"@id\":\"https:\\\/\\\/rentecasa.com\\\/#organization\",\"name\":\"Rentecasa.com\",\"url\":\"https:\\\/\\\/rentecasa.com\\\/\",\"logo\":{\"@type\":\"ImageObject\",\"inLanguage\":\"es\",\"@id\":\"https:\\\/\\\/rentecasa.com\\\/#\\\/schema\\\/logo\\\/image\\\/\",\"url\":\"https:\\\/\\\/rentecasa.com\\\/wp-content\\\/uploads\\\/2021\\\/11\\\/Rentecasa-logo-color-2.png\",\"contentUrl\":\"https:\\\/\\\/rentecasa.com\\\/wp-content\\\/uploads\\\/2021\\\/11\\\/Rentecasa-logo-color-2.png\",\"width\":584,\"height\":103,\"caption\":\"Rentecasa.com\"},\"image\":{\"@id\":\"https:\\\/\\\/rentecasa.com\\\/#\\\/schema\\\/logo\\\/image\\\/\"},\"sameAs\":[\"https:\\\/\\\/www.facebook.com\\\/profile.php?id=100075871187521\"]}]}<\/script>\n<!-- \/ Yoast SEO plugin. -->","yoast_head_json":{"title":"Contact - Rentecasa.com","robots":{"index":"index","follow":"follow","max-snippet":"max-snippet:-1","max-image-preview":"max-image-preview:large","max-video-preview":"max-video-preview:-1"},"canonical":"https:\/\/rentecasa.com\/index.php\/contact\/","og_locale":"es_ES","og_type":"article","og_title":"Contact - Rentecasa.com","og_description":"Contacto Queremos conocer tu opini\u00f3n. D\u00e9janos tus datos y nos pondremos en contacto contigo a la brevedad (leemos todo) Nombre (s) Apellido (s) E-mail Mensaje Acuerdo GDPR Doy mi consentimiento para que este sitio web almacene la informaci\u00f3n enviada Enviar Para cotizaciones contactar: Aris M. S\u00e1nchezM\u00e9xico Account Manageraris@rentecasa.com Yuri A. MedinaAsociado de Relaciones P\u00fablicasyurime@rentecasa.com Sedes [&hellip;]","og_url":"https:\/\/rentecasa.com\/index.php\/contact\/","og_site_name":"Rentecasa.com","article_publisher":"https:\/\/www.facebook.com\/profile.php?id=100075871187521","article_modified_time":"2022-01-06T10:13:19+00:00","twitter_card":"summary_large_image","schema":{"@context":"https:\/\/schema.org","@graph":[{"@type":"WebPage","@id":"https:\/\/rentecasa.com\/index.php\/contact\/","url":"https:\/\/rentecasa.com\/index.php\/contact\/","name":"Contact - Rentecasa.com","isPartOf":{"@id":"https:\/\/rentecasa.com\/#website"},"datePublished":"2020-03-02T10:27:05+00:00","dateModified":"2022-01-06T10:13:19+00:00","breadcrumb":{"@id":"https:\/\/rentecasa.com\/index.php\/contact\/#breadcrumb"},"inLanguage":"es","potentialAction":[{"@type":"ReadAction","target":["https:\/\/rentecasa.com\/index.php\/contact\/"]}]},{"@type":"BreadcrumbList","@id":"https:\/\/rentecasa.com\/index.php\/contact\/#breadcrumb","itemListElement":[{"@type":"ListItem","position":1,"name":"Portada","item":"https:\/\/rentecasa.com\/"},{"@type":"ListItem","position":2,"name":"Contact"}]},{"@type":"WebSite","@id":"https:\/\/rentecasa.com\/#website","url":"https:\/\/rentecasa.com\/","name":"Rentecasa.com","description":"Plataforma Inmibiliaria","publisher":{"@id":"https:\/\/rentecasa.com\/#organization"},"potentialAction":[{"@type":"SearchAction","target":{"@type":"EntryPoint","urlTemplate":"https:\/\/rentecasa.com\/?s={search_term_string}"},"query-input":{"@type":"PropertyValueSpecification","valueRequired":true,"valueName":"search_term_string"}}],"inLanguage":"es"},{"@type":"Organization","@id":"https:\/\/rentecasa.com\/#organization","name":"Rentecasa.com","url":"https:\/\/rentecasa.com\/","logo":{"@type":"ImageObject","inLanguage":"es","@id":"https:\/\/rentecasa.com\/#\/schema\/logo\/image\/","url":"https:\/\/rentecasa.com\/wp-content\/uploads\/2021\/11\/Rentecasa-logo-color-2.png","contentUrl":"https:\/\/rentecasa.com\/wp-content\/uploads\/2021\/11\/Rentecasa-logo-color-2.png","width":584,"height":103,"caption":"Rentecasa.com"},"image":{"@id":"https:\/\/rentecasa.com\/#\/schema\/logo\/image\/"},"sameAs":["https:\/\/www.facebook.com\/profile.php?id=100075871187521"]}]}},"jetpack-related-posts":[],"jetpack_sharing_enabled":true,"_links":{"self":[{"href":"https:\/\/rentecasa.com\/index.php\/wp-json\/wp\/v2\/pages\/16941","targetHints":{"allow":["GET"]}}],"collection":[{"href":"https:\/\/rentecasa.com\/index.php\/wp-json\/wp\/v2\/pages"}],"about":[{"href":"https:\/\/rentecasa.com\/index.php\/wp-json\/wp\/v2\/types\/page"}],"author":[{"embeddable":true,"href":"https:\/\/rentecasa.com\/index.php\/wp-json\/wp\/v2\/users\/1"}],"replies":[{"embeddable":true,"href":"https:\/\/rentecasa.com\/index.php\/wp-json\/wp\/v2\/comments?post=16941"}],"version-history":[{"count":24,"href":"https:\/\/rentecasa.com\/index.php\/wp-json\/wp\/v2\/pages\/16941\/revisions"}],"predecessor-version":[{"id":17986,"href":"https:\/\/rentecasa.com\/index.php\/wp-json\/wp\/v2\/pages\/16941\/revisions\/17986"}],"wp:attachment":[{"href":"https:\/\/rentecasa.com\/index.php\/wp-json\/wp\/v2\/media?parent=16941"}],"curies":[{"name":"wp","href":"https:\/\/api.w.org\/{rel}","templated":true}]}}